{"id":9133,"date":"2015-01-09T23:19:03","date_gmt":"2015-01-09T22:19:03","guid":{"rendered":"http:\/\/www.studioboda.com\/blog\/?page_id=9133"},"modified":"2022-02-23T19:44:10","modified_gmt":"2022-02-23T18:44:10","slug":"fotografo-boda-roma","status":"publish","type":"page","link":"https:\/\/www.studioboda.com\/blog\/fotografo-boda-roma\/","title":{"rendered":"Fot\u00f3grafo de Boda en Roma"},"content":{"rendered":"\n<figure class=\"wp-block-gallery columns-3 wp-block-gallery-1 is-layout-flex wp-block-gallery-is-layout-flex\"><ul class=\"blocks-gallery-grid\"><li class=\"blocks-gallery-item\"><figure><a href=\"https:\/\/www.studioboda.com\/blog\/wp-content\/uploads\/2018\/05\/04-15613-post\/postboda-en-roma-fontana-di-trevi-31.jpg\"><img decoding=\"async\" src=\"https:\/\/www.studioboda.com\/blog\/wp-content\/uploads\/2018\/05\/04-15613-post\/postboda-en-roma-fontana-di-trevi-31-1024x684.jpg\" alt=\"fot\u00f3grafo de boda en roma Fontana di Trevi Roma\" data-id=\"15638\" data-full-url=\"https:\/\/www.studioboda.com\/blog\/wp-content\/uploads\/2018\/05\/04-15613-post\/postboda-en-roma-fontana-di-trevi-31.jpg\" data-link=\"https:\/\/www.studioboda.com\/blog\/postboda-en-roma-n-d\/postboda-en-roma-fontana-di-trevi-31\/\" class=\"wp-image-15638\"\/><\/a><\/figure><\/li><li class=\"blocks-gallery-item\"><figure><a href=\"https:\/\/www.studioboda.com\/blog\/wp-content\/uploads\/2018\/05\/04-15613-post\/postboda-en-roma-34.jpg\"><img fetchpriority=\"high\" decoding=\"async\" width=\"1024\" height=\"684\" src=\"https:\/\/www.studioboda.com\/blog\/wp-content\/uploads\/2018\/05\/04-15613-post\/postboda-en-roma-34-1024x684.jpg\" alt=\"fot\u00f3grafo de boda en roma El Coliseo\" data-id=\"15636\" data-full-url=\"https:\/\/www.studioboda.com\/blog\/wp-content\/uploads\/2018\/05\/04-15613-post\/postboda-en-roma-34.jpg\" data-link=\"https:\/\/www.studioboda.com\/blog\/postboda-en-roma-n-d\/postboda-en-roma-34\/\" class=\"wp-image-15636\" srcset=\"https:\/\/www.studioboda.com\/blog\/wp-content\/uploads\/2018\/05\/04-15613-post\/postboda-en-roma-34-1024x684.jpg 1024w, https:\/\/www.studioboda.com\/blog\/wp-content\/uploads\/2018\/05\/04-15613-post\/postboda-en-roma-34-300x200.jpg 300w, https:\/\/www.studioboda.com\/blog\/wp-content\/uploads\/2018\/05\/04-15613-post\/postboda-en-roma-34-768x513.jpg 768w, https:\/\/www.studioboda.com\/blog\/wp-content\/uploads\/2018\/05\/04-15613-post\/postboda-en-roma-34.jpg 1200w\" sizes=\"(max-width: 1024px) 100vw, 1024px\" \/><\/a><\/figure><\/li><li class=\"blocks-gallery-item\"><figure><a href=\"https:\/\/www.studioboda.com\/blog\/wp-content\/uploads\/2015\/04\/27-post-boda-roma.jpg\"><img decoding=\"async\" width=\"900\" height=\"598\" src=\"https:\/\/www.studioboda.com\/blog\/wp-content\/uploads\/2015\/04\/27-post-boda-roma.jpg\" alt=\"fot\u00f3grafo de boda en roma 2022\" data-id=\"9686\" data-full-url=\"https:\/\/www.studioboda.com\/blog\/wp-content\/uploads\/2015\/04\/27-post-boda-roma.jpg\" data-link=\"https:\/\/www.studioboda.com\/blog\/fotografo-de-boda-en-roma\/27-post-boda-roma-jpg\/\" class=\"wp-image-9686\" srcset=\"https:\/\/www.studioboda.com\/blog\/wp-content\/uploads\/2015\/04\/27-post-boda-roma.jpg 900w, https:\/\/www.studioboda.com\/blog\/wp-content\/uploads\/2015\/04\/27-post-boda-roma-300x199.jpg 300w, https:\/\/www.studioboda.com\/blog\/wp-content\/uploads\/2015\/04\/27-post-boda-roma-768x510.jpg 768w\" sizes=\"(max-width: 900px) 100vw, 900px\" \/><\/a><\/figure><\/li><li class=\"blocks-gallery-item\"><figure><a href=\"https:\/\/www.studioboda.com\/blog\/wp-content\/uploads\/2018\/05\/04-15613-post\/postboda-en-roma-15.jpg\"><img decoding=\"async\" width=\"1024\" height=\"684\" src=\"https:\/\/www.studioboda.com\/blog\/wp-content\/uploads\/2018\/05\/04-15613-post\/postboda-en-roma-15-1024x684.jpg\" alt=\"Postboda en Roma San Pietro\" data-id=\"15623\" data-full-url=\"https:\/\/www.studioboda.com\/blog\/wp-content\/uploads\/2018\/05\/04-15613-post\/postboda-en-roma-15.jpg\" data-link=\"https:\/\/www.studioboda.com\/blog\/postboda-en-roma-n-d\/postboda-en-roma-15\/\" class=\"wp-image-15623\" srcset=\"https:\/\/www.studioboda.com\/blog\/wp-content\/uploads\/2018\/05\/04-15613-post\/postboda-en-roma-15-1024x684.jpg 1024w, https:\/\/www.studioboda.com\/blog\/wp-content\/uploads\/2018\/05\/04-15613-post\/postboda-en-roma-15-300x200.jpg 300w, https:\/\/www.studioboda.com\/blog\/wp-content\/uploads\/2018\/05\/04-15613-post\/postboda-en-roma-15-768x513.jpg 768w, https:\/\/www.studioboda.com\/blog\/wp-content\/uploads\/2018\/05\/04-15613-post\/postboda-en-roma-15.jpg 1200w\" sizes=\"(max-width: 1024px) 100vw, 1024px\" \/><\/a><\/figure><\/li><li class=\"blocks-gallery-item\"><figure><a href=\"https:\/\/www.studioboda.com\/blog\/wp-content\/uploads\/2015\/04\/20-post-boda-roma.jpg\"><img loading=\"lazy\" decoding=\"async\" width=\"900\" height=\"600\" src=\"https:\/\/www.studioboda.com\/blog\/wp-content\/uploads\/2015\/04\/20-post-boda-roma.jpg\" alt=\"\" data-id=\"15336\" data-full-url=\"https:\/\/www.studioboda.com\/blog\/wp-content\/uploads\/2015\/04\/20-post-boda-roma.jpg\" data-link=\"https:\/\/www.studioboda.com\/blog\/promo-italia\/20-post-boda-roma1511864796\/\" class=\"wp-image-15336\" srcset=\"https:\/\/www.studioboda.com\/blog\/wp-content\/uploads\/2015\/04\/20-post-boda-roma.jpg 900w, https:\/\/www.studioboda.com\/blog\/wp-content\/uploads\/2015\/04\/20-post-boda-roma-300x200.jpg 300w, https:\/\/www.studioboda.com\/blog\/wp-content\/uploads\/2015\/04\/20-post-boda-roma-768x512.jpg 768w\" sizes=\"(max-width: 900px) 100vw, 900px\" \/><\/a><\/figure><\/li><li class=\"blocks-gallery-item\"><figure><a href=\"https:\/\/www.studioboda.com\/blog\/wp-content\/uploads\/2018\/05\/04-15613-post\/postboda-en-roma-23.jpg\"><img loading=\"lazy\" decoding=\"async\" width=\"1024\" height=\"684\" src=\"https:\/\/www.studioboda.com\/blog\/wp-content\/uploads\/2018\/05\/04-15613-post\/postboda-en-roma-23-1024x684.jpg\" alt=\"fot\u00f3grafo de boda en roma Piazza San Pietro Postboda Roma\" data-id=\"15631\" data-full-url=\"https:\/\/www.studioboda.com\/blog\/wp-content\/uploads\/2018\/05\/04-15613-post\/postboda-en-roma-23.jpg\" data-link=\"https:\/\/www.studioboda.com\/blog\/postboda-en-roma-n-d\/postboda-en-roma-23\/\" class=\"wp-image-15631\" srcset=\"https:\/\/www.studioboda.com\/blog\/wp-content\/uploads\/2018\/05\/04-15613-post\/postboda-en-roma-23-1024x684.jpg 1024w, https:\/\/www.studioboda.com\/blog\/wp-content\/uploads\/2018\/05\/04-15613-post\/postboda-en-roma-23-300x200.jpg 300w, https:\/\/www.studioboda.com\/blog\/wp-content\/uploads\/2018\/05\/04-15613-post\/postboda-en-roma-23-768x513.jpg 768w, https:\/\/www.studioboda.com\/blog\/wp-content\/uploads\/2018\/05\/04-15613-post\/postboda-en-roma-23.jpg 1200w\" sizes=\"(max-width: 1024px) 100vw, 1024px\" \/><\/a><\/figure><\/li><li class=\"blocks-gallery-item\"><figure><a href=\"https:\/\/www.studioboda.com\/blog\/wp-content\/uploads\/2015\/04\/38-post-boda-roma.jpg\"><img loading=\"lazy\" decoding=\"async\" width=\"900\" height=\"599\" src=\"https:\/\/www.studioboda.com\/blog\/wp-content\/uploads\/2015\/04\/38-post-boda-roma.jpg\" alt=\"\" data-id=\"9696\" data-full-url=\"https:\/\/www.studioboda.com\/blog\/wp-content\/uploads\/2015\/04\/38-post-boda-roma.jpg\" data-link=\"https:\/\/www.studioboda.com\/blog\/fotografo-de-boda-en-roma\/38-post-boda-roma-jpg\/\" class=\"wp-image-9696\" srcset=\"https:\/\/www.studioboda.com\/blog\/wp-content\/uploads\/2015\/04\/38-post-boda-roma.jpg 900w, https:\/\/www.studioboda.com\/blog\/wp-content\/uploads\/2015\/04\/38-post-boda-roma-300x200.jpg 300w, https:\/\/www.studioboda.com\/blog\/wp-content\/uploads\/2015\/04\/38-post-boda-roma-768x511.jpg 768w\" sizes=\"(max-width: 900px) 100vw, 900px\" \/><\/a><\/figure><\/li><li class=\"blocks-gallery-item\"><figure><a href=\"https:\/\/www.studioboda.com\/blog\/wp-content\/uploads\/2014\/07\/boda-roma221.jpg\"><img loading=\"lazy\" decoding=\"async\" width=\"900\" height=\"598\" src=\"https:\/\/www.studioboda.com\/blog\/wp-content\/uploads\/2014\/07\/boda-roma221.jpg\" alt=\"rome destination wedding\" data-id=\"7820\" data-full-url=\"https:\/\/www.studioboda.com\/blog\/wp-content\/uploads\/2014\/07\/boda-roma221.jpg\" data-link=\"https:\/\/www.studioboda.com\/blog\/fotografo-boda-destino-roma\/boda-roma22-jpg-2\/\" class=\"wp-image-7820\" srcset=\"https:\/\/www.studioboda.com\/blog\/wp-content\/uploads\/2014\/07\/boda-roma221.jpg 900w, https:\/\/www.studioboda.com\/blog\/wp-content\/uploads\/2014\/07\/boda-roma221-300x199.jpg 300w, https:\/\/www.studioboda.com\/blog\/wp-content\/uploads\/2014\/07\/boda-roma221-768x510.jpg 768w\" sizes=\"(max-width: 900px) 100vw, 900px\" \/><\/a><\/figure><\/li><li class=\"blocks-gallery-item\"><figure><a href=\"https:\/\/www.studioboda.com\/blog\/wp-content\/uploads\/2014\/05\/pre-boda-roma-13.jpg\"><img loading=\"lazy\" decoding=\"async\" width=\"900\" height=\"600\" src=\"https:\/\/www.studioboda.com\/blog\/wp-content\/uploads\/2014\/05\/pre-boda-roma-13.jpg\" alt=\"\" data-id=\"7662\" data-full-url=\"https:\/\/www.studioboda.com\/blog\/wp-content\/uploads\/2014\/05\/pre-boda-roma-13.jpg\" data-link=\"https:\/\/www.studioboda.com\/blog\/esther-jose-pre-boda-roma\/pre-boda-roma-13-jpg\/\" class=\"wp-image-7662\" srcset=\"https:\/\/www.studioboda.com\/blog\/wp-content\/uploads\/2014\/05\/pre-boda-roma-13.jpg 900w, https:\/\/www.studioboda.com\/blog\/wp-content\/uploads\/2014\/05\/pre-boda-roma-13-300x200.jpg 300w, https:\/\/www.studioboda.com\/blog\/wp-content\/uploads\/2014\/05\/pre-boda-roma-13-768x512.jpg 768w\" sizes=\"(max-width: 900px) 100vw, 900px\" \/><\/a><\/figure><\/li><\/ul><\/figure>\n\n\n\n<div style=\"height:100px\" aria-hidden=\"true\" class=\"wp-block-spacer\"><\/div>\n\n\n\n<div class=\"wp-block-image is-style-rounded\"><figure class=\"alignright size-full is-resized\"><img decoding=\"async\" src=\"https:\/\/www.studioboda.com\/blog\/wp-content\/uploads\/pp\/images\/custom_grid_item_1_1485521405.jpg\" alt=\"Martino y Florencia\" class=\"wp-image-15412\" width=\"400\" srcset=\"https:\/\/www.studioboda.com\/blog\/wp-content\/uploads\/pp\/images\/custom_grid_item_1_1485521405.jpg 900w, https:\/\/www.studioboda.com\/blog\/wp-content\/uploads\/pp\/images\/custom_grid_item_1_1485521405-300x200.jpg 300w, https:\/\/www.studioboda.com\/blog\/wp-content\/uploads\/pp\/images\/custom_grid_item_1_1485521405-768x512.jpg 768w\" sizes=\"(max-width: 900px) 100vw, 900px\" \/><\/figure><\/div>\n\n\n\n<h2 class=\"wp-block-heading\">Made in Italy<\/h2>\n\n\n\n<p>Hola: soy martino Buzzi, fot\u00f3grafo <em>\u00abmade in Italy\u00bb<\/em> desde 2008. Junto con mi compa\u00f1era Florencia formamos el equipo de Studio Boda. Nos encanta el arte, viajar y conocer lugares nuevos. Compartimos el amor para la fotograf\u00eda. Las bodas y las sesiones de fotos de parejas son la ocasi\u00f3n perfecta para usar nuestra creatividad. Nos gusta crear obras que permanecen en el recuerdo y emocionan las parejas. <\/p>\n\n\n\n<hr class=\"wp-block-separator\"\/>\n\n\n\n<div style=\"height:100px\" aria-hidden=\"true\" class=\"wp-block-spacer\"><\/div>\n\n\n\n<h2 class=\"wp-block-heading\">Os acompa\u00f1ar\u00e9 en vuestra aventura<\/h2>\n\n\n<p>En mi trabajo como <strong>fot\u00f3grafo de bodas<\/strong> estoy siempre buscando oportunidades para realizar fotos en lugares fuera de lo com\u00fan. Im\u00e1genes rom\u00e1nticas que sepan transmitir emociones y sentimientos con solo una mirada. He acompa\u00f1ado parejas en varias capitales europeas para tomar sus fotos. Me siento muy c\u00f3modo como fot\u00f3grafo de boda en Roma.<\/p>\n<p>En los \u00faltimos a\u00f1os he tenido oportunidad de realizado varios reportajes en Roma, (<a href=\"https:\/\/www.youtube.com\/watch?v=KdWk3XTSVuQ\" target=\"_blank\" rel=\"noopener\">en este enlace<\/a> puedes ver un v\u00eddeo del making off). Conozco bien la ciudad de Roma. El centro es un poco ca\u00f3tico y es importante saber c\u00f3mo moverse, en qu\u00e9 horarios y con que medios de transporte. Ser\u00e1 un gusto ayudaros a elegir los mejores lugares para visitar y escoger juntos d\u00f3nde hacer la sesi\u00f3n de fotos.<\/p>\n<h3 style=\"text-align: center;\">Estos son ejemplos de reportajes en Roma:<\/h3>\n<p><img decoding=\"async\" id=\"pp-grid-article_1420656553\" class=\"pp-grid-placeholder pp-grid-type-selected_articles\" style=\"display: none;\" src=\"http:\/\/prophoto.s3.amazonaws.com\/img\/pp-grid-placeholder-selected_articles.jpg\" alt=\"\" \/><\/p>\n<h2 style=\"text-align: center;\">\u00a0<\/h2>\n\n\n<div style=\"height:100px\" aria-hidden=\"true\" class=\"wp-block-spacer\"><\/div>\n\n\n\n<div class=\"wp-block-buttons is-content-justification-center is-layout-flex wp-block-buttons-is-layout-flex\">\n<div class=\"wp-block-button\"><a class=\"wp-block-button__link has-text-color has-background\" href=\"http:\/\/www.studioboda.com\/blog\/tag\/roma\/\" style=\"border-radius:2px;background-color:#ba0c49;color:#fffffa\">Ver m\u00e1s reportajes en Roma<\/a><\/div>\n\n\n\n<div class=\"wp-block-button is-style-outline is-style-outline--9b805b8689d8051f8a67055a986731ea\"><a class=\"wp-block-button__link has-text-color\" href=\"https:\/\/www.studioboda.com\/blog\/contactar\/\" style=\"border-radius:2px;color:#ba0c49\">Comprobar disponibilidad<\/a><\/div>\n<\/div>\n\n\n\n<div style=\"height:100px\" aria-hidden=\"true\" class=\"wp-block-spacer\"><\/div>\n\n\n\n<h2 class=\"wp-block-heading\">Haremos fotos extraordinarias<\/h2>\n\n\n\n<p>A todas las parejas que no celebran su boda en Roma pero quieren tener unas fotos en esta cuidad, ofrezco la posibilidad de realizar una <strong>sesi\u00f3n de fotos antes o despu\u00e9s de la boda<\/strong> sin gastos&nbsp;de desplazamiento ni alojamiento.<\/p>\n\n\n\n<p>Si lo deseas podemos hacer una sesi\u00f3n de fotos de preboda en Roma en tan solo una tarde, o un Reportaje post boda en un d\u00eda entero. Concordamos juntos los lugares m\u00e1s interesantes donde realizar las fotos: el Coliseo, el Phanteon, Villa Borghese, Plaza de Espa\u00f1a&#8230;.\u00a0 las posibilidades son infinitas.<\/p>\n\n\n\n<div class=\"wp-block-image\"><figure class=\"aligncenter size-large\"><img loading=\"lazy\" decoding=\"async\" width=\"900\" height=\"600\" src=\"https:\/\/www.studioboda.com\/blog\/wp-content\/uploads\/2015\/04\/14-post-boda-roma.jpg\" alt=\"fotografo de boda en roma\" class=\"wp-image-9673\" srcset=\"https:\/\/www.studioboda.com\/blog\/wp-content\/uploads\/2015\/04\/14-post-boda-roma.jpg 900w, https:\/\/www.studioboda.com\/blog\/wp-content\/uploads\/2015\/04\/14-post-boda-roma-300x200.jpg 300w, https:\/\/www.studioboda.com\/blog\/wp-content\/uploads\/2015\/04\/14-post-boda-roma-768x512.jpg 768w\" sizes=\"(max-width: 900px) 100vw, 900px\" \/><\/figure><\/div>\n","protected":false},"excerpt":{"rendered":"<p>Made in Italy Hola: soy martino Buzzi, fot\u00f3grafo \u00abmade in Italy\u00bb desde 2008. Junto con mi compa\u00f1era Florencia formamos el equipo de Studio Boda. Nos encanta el arte, viajar y conocer lugares nuevos. Compartimos el amor para la fotograf\u00eda. Las bodas y las sesiones de fotos de parejas son la ocasi\u00f3n perfecta para usar nuestra [&hellip;]<\/p>\n","protected":false},"author":7,"featured_media":15638,"parent":0,"menu_order":0,"comment_status":"closed","ping_status":"open","template":"","meta":{"_acf_changed":false,"footnotes":""},"class_list":["post-9133","page","type-page","status-publish","has-post-thumbnail","hentry"],"acf":[],"_links":{"self":[{"href":"https:\/\/www.studioboda.com\/blog\/wp-json\/wp\/v2\/pages\/9133"}],"collection":[{"href":"https:\/\/www.studioboda.com\/blog\/wp-json\/wp\/v2\/pages"}],"about":[{"href":"https:\/\/www.studioboda.com\/blog\/wp-json\/wp\/v2\/types\/page"}],"author":[{"embeddable":true,"href":"https:\/\/www.studioboda.com\/blog\/wp-json\/wp\/v2\/users\/7"}],"replies":[{"embeddable":true,"href":"https:\/\/www.studioboda.com\/blog\/wp-json\/wp\/v2\/comments?post=9133"}],"version-history":[{"count":22,"href":"https:\/\/www.studioboda.com\/blog\/wp-json\/wp\/v2\/pages\/9133\/revisions"}],"predecessor-version":[{"id":17177,"href":"https:\/\/www.studioboda.com\/blog\/wp-json\/wp\/v2\/pages\/9133\/revisions\/17177"}],"wp:featuredmedia":[{"embeddable":true,"href":"https:\/\/www.studioboda.com\/blog\/wp-json\/wp\/v2\/media\/15638"}],"wp:attachment":[{"href":"https:\/\/www.studioboda.com\/blog\/wp-json\/wp\/v2\/media?parent=9133"}],"curies":[{"name":"wp","href":"https:\/\/api.w.org\/{rel}","templated":true}]}}