{"id":4651,"date":"2013-02-13T17:59:29","date_gmt":"2013-02-13T16:59:29","guid":{"rendered":"http:\/\/www.studioboda.com\/blog\/?page_id=4651"},"modified":"2025-08-30T17:09:10","modified_gmt":"2025-08-30T15:09:10","slug":"album-foto-boda","status":"publish","type":"page","link":"https:\/\/www.studioboda.com\/blog\/album-foto-boda\/","title":{"rendered":"\u00c1lbum de Boda"},"content":{"rendered":"\n<figure class=\"wp-block-embed is-type-video is-provider-youtube wp-block-embed-youtube wp-embed-aspect-16-9 wp-has-aspect-ratio\"><div class=\"wp-block-embed__wrapper\">\n<div class=\" responsive-embed responsive-embed-16x9 embed-youtube\"><iframe title=\"\u00c1lbum de Boda Sostenible VITA | Elegancia con materiales naturales (lino y algod\u00f3n)\" width=\"1140\" height=\"641\" src=\"https:\/\/www.youtube.com\/embed\/MeE4t47wenk?feature=oembed\" frameborder=\"0\" allow=\"accelerometer; autoplay; clipboard-write; encrypted-media; gyroscope; picture-in-picture; web-share\" referrerpolicy=\"strict-origin-when-cross-origin\" allowfullscreen><\/iframe><\/div>\n<\/div><\/figure>\n\n\n\n<h2 class=\"wp-block-heading\">VITA \u00b7 Tu \u00c1lbum de Boda Sostenible<\/h2>\n\n\n\n<p>En Studio Boda creemos que los recuerdos de tu boda merecen algo m\u00e1s que un simple libro: merecen un <strong>\u00e1lbum de boda sostenible<\/strong>, dise\u00f1ado con amor, respeto por la naturaleza y una est\u00e9tica atemporal.<br>El resultado es <strong>VITA<\/strong>, un \u00e1lbum que refleja no solo tu historia, sino tambi\u00e9n nuestros valores.<\/p>\n\n\n\n<p><\/p>\n\n\n\n<h3 class=\"wp-block-heading\">Materiales que respiran naturaleza<\/h3>\n\n\n\n<p>El <strong>\u00e1lbum VITA<\/strong> est\u00e1 realizado con un proceso <strong>100% sostenible<\/strong>. Sus tapas y su caja est\u00e1n confeccionadas en <strong>algod\u00f3n y lino ecol\u00f3gicos<\/strong>, fibras naturales que transmiten elegancia y autenticidad al tacto. Cada textura, cada acabado, cuenta una historia: la de un recuerdo cuidado con la misma delicadeza con la que cuidamos del planeta.<\/p>\n\n\n\n<figure class=\"wp-block-image size-full\"><img fetchpriority=\"high\" decoding=\"async\" width=\"1920\" height=\"1280\" src=\"https:\/\/www.studioboda.com\/blog\/wp-content\/uploads\/2025\/08\/album-boda-sustenible-vita.jpg\" alt=\"album boda sustenible\" class=\"wp-image-24887\" srcset=\"https:\/\/www.studioboda.com\/blog\/wp-content\/uploads\/2025\/08\/album-boda-sustenible-vita.jpg 1920w, https:\/\/www.studioboda.com\/blog\/wp-content\/uploads\/2025\/08\/album-boda-sustenible-vita-300x200.jpg 300w, https:\/\/www.studioboda.com\/blog\/wp-content\/uploads\/2025\/08\/album-boda-sustenible-vita-1024x683.jpg 1024w, https:\/\/www.studioboda.com\/blog\/wp-content\/uploads\/2025\/08\/album-boda-sustenible-vita-768x512.jpg 768w, https:\/\/www.studioboda.com\/blog\/wp-content\/uploads\/2025\/08\/album-boda-sustenible-vita-1536x1024.jpg 1536w\" sizes=\"(max-width: 1920px) 100vw, 1920px\" \/><\/figure>\n\n\n\n<h3 class=\"wp-block-heading\">&nbsp;<\/h3>\n\n\n\n<h2 class=\"wp-block-heading\">\u00c1lbum VIDA: Dise\u00f1o italiano, elegancia atemporal<\/h2>\n\n\n\n<p>Con el sello del <strong>Made in Italy<\/strong>, el VITA a\u00fana tradici\u00f3n artesanal y dise\u00f1o contempor\u00e1neo. Su formato es perfecto para disfrutar de tus fotograf\u00edas a gran tama\u00f1o sin que el \u00e1lbum resulte pesado. Sus hojas finas, como las de un libro de arte, lo hacen ligero y c\u00f3modo de hojear, ideal para revivir tus momentos una y otra vez.<\/p>\n\n\n\n<p>Una opci\u00f3n moderna para ense\u00f1ar tus fotos de boda como un verdadero <strong>libro de arte fotogr\u00e1fico<\/strong>. Las hojas m\u00e1s finas permiten incluir hasta 150 p\u00e1ginas y contar la historia con todos los detalles. Viene acompa\u00f1ado con una caja a juego personalizable y con la opci\u00f3n de \u00e1lbumes para padres.\/GA<\/p>\n\n\n\n<figure class=\"wp-block-gallery has-nested-images columns-2 is-cropped wp-block-gallery-1 is-layout-flex wp-block-gallery-is-layout-flex\">\n<figure class=\"wp-block-image size-large\"><img decoding=\"async\" width=\"900\" height=\"598\" data-id=\"11158\" src=\"https:\/\/www.studioboda.com\/blog\/wp-content\/uploads\/2015\/11\/07-album-boda.jpg\" alt=\"album reportaje boda ecologico\" class=\"wp-image-11158\" srcset=\"https:\/\/www.studioboda.com\/blog\/wp-content\/uploads\/2015\/11\/07-album-boda.jpg 900w, https:\/\/www.studioboda.com\/blog\/wp-content\/uploads\/2015\/11\/07-album-boda-300x199.jpg 300w, https:\/\/www.studioboda.com\/blog\/wp-content\/uploads\/2015\/11\/07-album-boda-768x510.jpg 768w\" sizes=\"(max-width: 900px) 100vw, 900px\" \/><\/figure>\n\n\n\n<figure class=\"wp-block-image size-large\"><img decoding=\"async\" width=\"900\" height=\"598\" data-id=\"11157\" src=\"https:\/\/www.studioboda.com\/blog\/wp-content\/uploads\/2015\/11\/06-album-boda.jpg\" alt=\"Album reportaje boda\" class=\"wp-image-11157\" srcset=\"https:\/\/www.studioboda.com\/blog\/wp-content\/uploads\/2015\/11\/06-album-boda.jpg 900w, https:\/\/www.studioboda.com\/blog\/wp-content\/uploads\/2015\/11\/06-album-boda-300x199.jpg 300w, https:\/\/www.studioboda.com\/blog\/wp-content\/uploads\/2015\/11\/06-album-boda-768x510.jpg 768w\" sizes=\"(max-width: 900px) 100vw, 900px\" \/><\/figure>\n\n\n\n<figure class=\"wp-block-image size-large\"><img loading=\"lazy\" decoding=\"async\" width=\"900\" height=\"598\" data-id=\"11156\" src=\"https:\/\/www.studioboda.com\/blog\/wp-content\/uploads\/2015\/11\/05-album-boda.jpg\" alt=\"boda sustenible\" class=\"wp-image-11156\" srcset=\"https:\/\/www.studioboda.com\/blog\/wp-content\/uploads\/2015\/11\/05-album-boda.jpg 900w, https:\/\/www.studioboda.com\/blog\/wp-content\/uploads\/2015\/11\/05-album-boda-300x199.jpg 300w, https:\/\/www.studioboda.com\/blog\/wp-content\/uploads\/2015\/11\/05-album-boda-768x510.jpg 768w\" sizes=\"(max-width: 900px) 100vw, 900px\" \/><\/figure>\n\n\n\n<figure class=\"wp-block-image size-large\"><img loading=\"lazy\" decoding=\"async\" width=\"900\" height=\"598\" data-id=\"11159\" src=\"https:\/\/www.studioboda.com\/blog\/wp-content\/uploads\/2015\/11\/08-album-boda.jpg\" alt=\"album boda sustenible\" class=\"wp-image-11159\" srcset=\"https:\/\/www.studioboda.com\/blog\/wp-content\/uploads\/2015\/11\/08-album-boda.jpg 900w, https:\/\/www.studioboda.com\/blog\/wp-content\/uploads\/2015\/11\/08-album-boda-300x199.jpg 300w, https:\/\/www.studioboda.com\/blog\/wp-content\/uploads\/2015\/11\/08-album-boda-768x510.jpg 768w\" sizes=\"(max-width: 900px) 100vw, 900px\" \/><\/figure>\n<\/figure>\n\n\n\n<h3 class=\"wp-block-heading\">&nbsp;<img loading=\"lazy\" decoding=\"async\" class=\"aligncenter size-full wp-image-6942\" src=\"http:\/\/www.studioboda.com\/blog\/wp-content\/uploads\/2014\/02\/space.png\" alt=\"reportajes de boda\" width=\"40\" height=\"40\"><\/h3>\n\n\n\n<h3 class=\"wp-block-heading\">Un proceso pensado para ti<\/h3>\n\n\n\n<p>En Studio Boda nos encargamos de todo el dise\u00f1o del \u00e1lbum, con un proceso c\u00f3modo y sencillo:<\/p>\n\n\n\n<ol class=\"wp-block-list\">\n<li><strong>Vosotros eleg\u00eds las fotos<\/strong> que m\u00e1s os emocionan, garantizando un \u00e1lbum totalmente personalizado y a vuestro gusto.<\/li>\n\n\n\n<li>Nosotros interpretamos vuestra selecci\u00f3n y creamos una propuesta de dise\u00f1o cuidada y armoniosa.<\/li>\n\n\n\n<li><strong>Antes de la impresi\u00f3n<\/strong>, os mostramos el resultado digital para que lo revis\u00e9is y lo aprob\u00e9is con total tranquilidad.<\/li>\n<\/ol>\n\n\n\n<p>As\u00ed, el VITA no es un \u00e1lbum est\u00e1ndar, sino un reflejo \u00fanico de vuestra historia, construido desde vuestras emociones.<\/p>\n\n\n<div class=\"wp-block-image\">\n<figure class=\"aligncenter size-full\"><img loading=\"lazy\" decoding=\"async\" width=\"1920\" height=\"1280\" src=\"https:\/\/www.studioboda.com\/blog\/wp-content\/uploads\/2025\/08\/album-vita-studio-boda.jpg\" alt=\"album de boda ecologico\" class=\"wp-image-24893\" srcset=\"https:\/\/www.studioboda.com\/blog\/wp-content\/uploads\/2025\/08\/album-vita-studio-boda.jpg 1920w, https:\/\/www.studioboda.com\/blog\/wp-content\/uploads\/2025\/08\/album-vita-studio-boda-300x200.jpg 300w, https:\/\/www.studioboda.com\/blog\/wp-content\/uploads\/2025\/08\/album-vita-studio-boda-1024x683.jpg 1024w, https:\/\/www.studioboda.com\/blog\/wp-content\/uploads\/2025\/08\/album-vita-studio-boda-768x512.jpg 768w, https:\/\/www.studioboda.com\/blog\/wp-content\/uploads\/2025\/08\/album-vita-studio-boda-1536x1024.jpg 1536w\" sizes=\"(max-width: 1920px) 100vw, 1920px\" \/><\/figure><\/div>\n\n\n<h2 class=\"wp-block-heading\">Materiales 100% Naturales:<\/h2>\n\n\n\n<p>Telas de Lino con colores naturales. Un material resistente que a\u00f1ade un toque vintage a tu \u00e1lbum:<br>Telas Algod\u00f3n 100% Ecol\u00f3gico: Un material moderno y elegante para un acabado y un tacto diferente.<br><\/p>\n\n\n<div class=\"wp-block-image\">\n<figure class=\"aligncenter size-full\"><img loading=\"lazy\" decoding=\"async\" width=\"1920\" height=\"1280\" src=\"https:\/\/www.studioboda.com\/blog\/wp-content\/uploads\/2025\/08\/album-boda-ecologico.jpg\" alt=\"album de boda linol ecologico\" class=\"wp-image-24890\" srcset=\"https:\/\/www.studioboda.com\/blog\/wp-content\/uploads\/2025\/08\/album-boda-ecologico.jpg 1920w, https:\/\/www.studioboda.com\/blog\/wp-content\/uploads\/2025\/08\/album-boda-ecologico-300x200.jpg 300w, https:\/\/www.studioboda.com\/blog\/wp-content\/uploads\/2025\/08\/album-boda-ecologico-1024x683.jpg 1024w, https:\/\/www.studioboda.com\/blog\/wp-content\/uploads\/2025\/08\/album-boda-ecologico-768x512.jpg 768w, https:\/\/www.studioboda.com\/blog\/wp-content\/uploads\/2025\/08\/album-boda-ecologico-1536x1024.jpg 1536w\" sizes=\"(max-width: 1920px) 100vw, 1920px\" \/><\/figure><\/div>\n\n<div class=\"wp-block-image\">\n<figure class=\"aligncenter size-full\"><img loading=\"lazy\" decoding=\"async\" width=\"1920\" height=\"1280\" src=\"https:\/\/www.studioboda.com\/blog\/wp-content\/uploads\/2025\/08\/album-boda-tapa-lino.jpg\" alt=\"\" class=\"wp-image-24896\" srcset=\"https:\/\/www.studioboda.com\/blog\/wp-content\/uploads\/2025\/08\/album-boda-tapa-lino.jpg 1920w, https:\/\/www.studioboda.com\/blog\/wp-content\/uploads\/2025\/08\/album-boda-tapa-lino-300x200.jpg 300w, https:\/\/www.studioboda.com\/blog\/wp-content\/uploads\/2025\/08\/album-boda-tapa-lino-1024x683.jpg 1024w, https:\/\/www.studioboda.com\/blog\/wp-content\/uploads\/2025\/08\/album-boda-tapa-lino-768x512.jpg 768w, https:\/\/www.studioboda.com\/blog\/wp-content\/uploads\/2025\/08\/album-boda-tapa-lino-1536x1024.jpg 1536w\" sizes=\"(max-width: 1920px) 100vw, 1920px\" \/><\/figure><\/div>\n\n\n<p><\/p>\n\n\n\n<p><\/p>\n\n\n\n<p><\/p>\n\n\n\n<h2 class=\"wp-block-heading\">Compromiso sostenible<\/h2>\n\n\n\n<p>El VITA se produce siguiendo los <a href=\"https:\/\/www.graphistudio.com\/es\/sostenibilidad\/?utm_source=chatgpt.com\" target=\"_blank\" rel=\"noopener\">par\u00e1metros de sostenibilidad de Graphistudio<\/a>:<\/p>\n\n\n\n<ul class=\"wp-block-list\">\n<li>Filosof\u00eda de <strong>kil\u00f3metro cero<\/strong> para proveedores y materiales.<\/li>\n\n\n\n<li>Energ\u00eda 100% renovable en todas las fases de producci\u00f3n.<\/li>\n\n\n\n<li>Uso exclusivo de materiales naturales y reciclables.<\/li>\n\n\n\n<li>Compensaci\u00f3n de emisiones de CO\u2082 y reducci\u00f3n del impacto ambiental.<\/li>\n\n\n\n<li>Gesti\u00f3n responsable de agua y residuos.<\/li>\n<\/ul>\n\n\n<div class=\"wp-block-image\">\n<figure class=\"aligncenter size-full\"><img loading=\"lazy\" decoding=\"async\" width=\"1200\" height=\"802\" src=\"https:\/\/www.studioboda.com\/blog\/wp-content\/uploads\/2025\/01\/album-boda-elena-fran-14.jpg\" alt=\"\" class=\"wp-image-23469\" srcset=\"https:\/\/www.studioboda.com\/blog\/wp-content\/uploads\/2025\/01\/album-boda-elena-fran-14.jpg 1200w, https:\/\/www.studioboda.com\/blog\/wp-content\/uploads\/2025\/01\/album-boda-elena-fran-14-300x201.jpg 300w, https:\/\/www.studioboda.com\/blog\/wp-content\/uploads\/2025\/01\/album-boda-elena-fran-14-1024x684.jpg 1024w, https:\/\/www.studioboda.com\/blog\/wp-content\/uploads\/2025\/01\/album-boda-elena-fran-14-768x513.jpg 768w\" sizes=\"(max-width: 1200px) 100vw, 1200px\" \/><\/figure><\/div>\n\n\n<h3 class=\"wp-block-heading\">Un legado con valores<\/h3>\n\n\n\n<p>El \u00e1lbum VITA es mucho m\u00e1s que un <strong>\u00e1lbum de boda sostenible<\/strong>. Es un objeto de dise\u00f1o, una obra que nace del respeto por la naturaleza y que lleva la huella de vuestros recuerdos m\u00e1s importantes.<br>Un \u00e1lbum para toda la vida, donde se unen la belleza de las im\u00e1genes, la calidez de los materiales y los valores de <strong>Studio Boda<\/strong>: cercan\u00eda, artesan\u00eda y compromiso con lo que realmente importa.<\/p>\n\n\n\n<p>Elige un \u00e1lbum que conserve tu historia con arte, amor y sostenibilidad.<br>Un \u00e1lbum de boda sostenible.<\/p>\n\n\n\n<p><br>Elige VITA.<\/p>\n\n\n\n<p><a title=\"ejemplos album foto boda\" href=\"http:\/\/www.studioboda.com\/blog\/category\/album-de-boda\/\">Eemplos de \u00e1lbumes realizados recientemente<\/a><\/p>\n\n\n\n<div class=\"wp-block-cover alignfull is-light wp-duotone-rgb4448102-ffb23d-2\" style=\"margin-top:0;padding-top:4vw;padding-right:4vw;padding-bottom:4vw;padding-left:4vw;min-height:50vh;aspect-ratio:unset;\"><span aria-hidden=\"true\" class=\"wp-block-cover__background has-background-dim-80 has-background-dim\" style=\"background-color:#f2f3f3\"><\/span><div class=\"wp-block-cover__inner-container is-layout-flow wp-block-cover-is-layout-flow\">\n<div class=\"wp-block-group\"><div class=\"wp-block-group__inner-container is-layout-flow wp-block-group-is-layout-flow\">\n<p class=\"has-text-align-center has-cyan-bluish-gray-color has-text-color\" style=\"font-size:160px;letter-spacing:0px;line-height:0.9;text-transform:none\">Vita &amp;<\/p>\n\n\n\n<p class=\"has-text-align-center has-text-color has-link-color wp-elements-d86f5a78d9d326f61bd7c5e31cd9d4a1\" style=\"color:#c7ad5a;font-size:160px;letter-spacing:0px;line-height:0.9;text-transform:none\">Arte<\/p>\n\n\n\n<div style=\"height:48px\" aria-hidden=\"true\" class=\"wp-block-spacer\"><\/div>\n\n\n\n<div class=\"wp-block-buttons is-content-justification-center is-layout-flex wp-container-core-buttons-is-layout-1 wp-block-buttons-is-layout-flex\">\n<div class=\"wp-block-button has-custom-font-size\" style=\"font-size:20px;font-style:normal;font-weight:700;letter-spacing:1px;text-transform:uppercase\"><a class=\"wp-block-button__link has-white-color has-cyan-bluish-gray-background-color has-text-color has-background wp-element-button\" href=\"https:\/\/www.studioboda.com\/blog\/cuestionario-solicitud-tarifas\/\" style=\"padding-top:32px;padding-right:48px;padding-bottom:32px;padding-left:48px\">DESCARGA TARIFAS<\/a><\/div>\n<\/div>\n<\/div><\/div>\n<\/div><\/div>\n\n\n\n<p><\/p>\n","protected":false},"excerpt":{"rendered":"<p>VITA \u00b7 Tu \u00c1lbum de Boda Sostenible En Studio Boda creemos que los recuerdos de tu boda merecen algo m\u00e1s que un simple libro: merecen un \u00e1lbum de boda sostenible, dise\u00f1ado con amor, respeto por la naturaleza y una est\u00e9tica atemporal.El resultado es VITA, un \u00e1lbum que refleja no solo tu historia, sino tambi\u00e9n nuestros [&hellip;]<\/p>\n","protected":false},"author":7,"featured_media":24893,"parent":0,"menu_order":0,"comment_status":"closed","ping_status":"open","template":"","meta":{"_acf_changed":false,"footnotes":""},"class_list":["post-4651","page","type-page","status-publish","has-post-thumbnail","hentry"],"acf":[],"_links":{"self":[{"href":"https:\/\/www.studioboda.com\/blog\/wp-json\/wp\/v2\/pages\/4651"}],"collection":[{"href":"https:\/\/www.studioboda.com\/blog\/wp-json\/wp\/v2\/pages"}],"about":[{"href":"https:\/\/www.studioboda.com\/blog\/wp-json\/wp\/v2\/types\/page"}],"author":[{"embeddable":true,"href":"https:\/\/www.studioboda.com\/blog\/wp-json\/wp\/v2\/users\/7"}],"replies":[{"embeddable":true,"href":"https:\/\/www.studioboda.com\/blog\/wp-json\/wp\/v2\/comments?post=4651"}],"version-history":[{"count":45,"href":"https:\/\/www.studioboda.com\/blog\/wp-json\/wp\/v2\/pages\/4651\/revisions"}],"predecessor-version":[{"id":24903,"href":"https:\/\/www.studioboda.com\/blog\/wp-json\/wp\/v2\/pages\/4651\/revisions\/24903"}],"wp:featuredmedia":[{"embeddable":true,"href":"https:\/\/www.studioboda.com\/blog\/wp-json\/wp\/v2\/media\/24893"}],"wp:attachment":[{"href":"https:\/\/www.studioboda.com\/blog\/wp-json\/wp\/v2\/media?parent=4651"}],"curies":[{"name":"wp","href":"https:\/\/api.w.org\/{rel}","templated":true}]}}