{"id":2330,"date":"2012-02-01T19:56:41","date_gmt":"2012-02-01T18:56:41","guid":{"rendered":"http:\/\/studioboda.com\/blog\/?page_id=2330"},"modified":"2018-05-25T19:26:36","modified_gmt":"2018-05-25T17:26:36","slug":"aviso-legal","status":"publish","type":"page","link":"https:\/\/www.studioboda.com\/blog\/aviso-legal\/","title":{"rendered":"Aviso Legal"},"content":{"rendered":"<p>CONDICIONES GENERALES DE USO DEL BLOG STUDIO BODA<\/p>\n<p>www.studioboda.com\/blog<\/p>\n<p>Martino Buzzi (EN ADELANTE EL PROPIETARIO) con domicilio a efectos de notificaciones en Calle Benimaclet 4, 46020 Valencia con NIF X3736024L pone a disposici\u00f3n en su blog\u00a0www.studioboda.com\/blog contenidos de car\u00e1cter informativo sobre sus actividades. Las presentes condiciones generales rigen \u00fanica y exclusivamente el uso del sitio web de EL PROPIETARIO por parte de los USUARIOS que accedan al mismo.<\/p>\n<p>Las presentes condiciones generales se exponen al USUARIO en el blog\u00a0www.studioboda.com\/blog en todas y cada una de las p\u00e1ginas, para que las lea, las imprima, archive y acepte a trav\u00e9s de internet y se encuentre plenamente informado. El acceso al sitio web de EL PROPIETARIO implica sin reservas la aceptaci\u00f3n de las condiciones generales de uso que el USUARIO afirma comprender en su totalidad. El USUARIO se compromete a no utilizar el blog y los servicios que se ofrecen en el mismo para la realizaci\u00f3n de actividades contrarias a la ley y a respetar en todo momento las presentes condiciones generales.<\/p>\n<p>PRIMERA \u2013 El blog de EL PROPIETARIO ha sido realizado con el fin de poner a disposici\u00f3n de terceros informaci\u00f3n sobre sus actividades y poder contactar con \u00e9l, para solicitar informaci\u00f3n adicional<\/p>\n<p>SEGUNDA \u2013 CONDICIONES DE ACCESO Y USO:<\/p>\n<p>2.1. \u2013 La utilizaci\u00f3n del blog de EL PROPIETARIO, no conlleva la obligatoriedad de inscripci\u00f3n del USUARIO. Las condiciones de acceso y uso del presente sitio web se rigen por la legalidad vigente y por el principio de buena fe comprometi\u00e9ndose el USUARIO a realizar un buen uso del blog. Quedan prohibidos los actos que vulneren la legalidad, derechos o intereses de terceros: derecho a la intimidad, protecci\u00f3n de datos, propiedad intelectual etc. Expresamente EL PROPIETARIO proh\u00edbe los siguientes:<\/p>\n<p>2.1.1.- Realizar acciones que puedan producir en el blog o a trav\u00e9s del mismo por cualquier medio cualquier tipo de da\u00f1o a los sistemas de EL PROPIETARIO o a terceros.<\/p>\n<p>2.1.2.- Realizar sin la debida autorizaci\u00f3n cualquier tipo de publicidad o informaci\u00f3n comercial directamente o de forma encubierta, el env\u00edo de correos masivos (\u201cspaming\u201d) o env\u00cco de grandes mensajes con el fin de bloquear servidores de la red (\u201cmail bombing\u201d)<\/p>\n<p>2.2. \u2013 EL PROPIETARIO, podr\u00e1 interrumpir en cualquier momento el acceso a su blog si detecta un uso contrario a la legalidad, la buena fe o a las presentes condiciones generales- ver cl\u00e1usula quinta.<\/p>\n<p>TERCERA \u2013 CONTENIDOS:<\/p>\n<p>Los contenidos incorporados en este blog han sido elaborados e incluidos por:<\/p>\n<p>3.1.- EL PROPIETARIO utilizando fuentes internas y externas de tal modo que EL PROPIETARIO \u00fanicamente se hace responsable por los contenidos elaborados de forma interna.<\/p>\n<p>3.2.- Los USUARIOS, a trav\u00e9s de colaboraciones o introducci\u00f3n voluntaria de contenidos, tanto gr\u00e1ficos como escritos, directa o indirectamente a trav\u00e9s de enlaces o links siendo \u00e9stos los \u00fanicos responsables de los mismos y quedando expresamente exento EL PROPIETARIO de toda responsabilidad. EL USUARIO que introduzca cualquier contenido en el blog del PROPIETARIO manifiesta la absoluta legalidad y autor\u00cca de los mismos y expresamente asume todo tipo de responsabilidad que se pueda derivar de estos contenidos. El USUARIO tambi\u00e9n se hace responsable de las opiniones introducidas en el chat y foros puestos a su disposici\u00f3n en el blog. EL PROPIETARIO no ser\u00b7 responsable en ning\u00fan caso de las opiniones vertidas en los referidos foros y podr\u00e1 retirar o impedir el acceso a los USUARIOS que vulneren la legalidad vigente as\u00cc como poner en conocimiento de Juzgados y Tribunales los hechos que sean constitutivos de alg\u00fan tipo de il\u00edcito penal o civil.<\/p>\n<p>3.3.- EL PROPIETARIO se reserva el derecho a modificar en cualquier momento los contenidos presentes en su blog. EL PROPIETARIO no asegura ni se responsabiliza del correcto funcionamiento de los links a sitios web de terceros que figuren en el blog. EL PROPIETARIO no garantiza la veracidad, exactitud o actualidad de los contenidos y servicios ofrecidos por terceros y queda expresamente exento de todo tipo de responsabilidad por los da\u00f1os y perjuicios que puedan derivarse de la falta de exactitud de estos contenidos y servicios.<\/p>\n<p>CUARTA \u2013 RESPONSABILIDAD:<\/p>\n<p>4.1.- EL PROPIETARIO en ning\u00fan caso ser\u00e1 responsable de:<\/p>\n<p>4.1.1.- Los fallos o incidencias que puedan producirse en las comunicaciones, borrado o transmisiones incompletas de manera que no se garantiza que los servicios del blog est\u00e9n constantemente operativos.<\/p>\n<p>4.1.2.- De la producci\u00f3n de cualquier tipo de da\u00f1o que los USUARIOS o terceros pudiesen ocasionar en el blog.<\/p>\n<p>4.1.3.- De la fiabilidad y veracidad de las informaciones introducidas por terceros en el sitio web, bien directamente, bien a trav\u00e9s de enlaces o links.<\/p>\n<p>4.2. \u2013 EL PROPIETARIO se reserva el derecho a suspender el acceso sin previo aviso de forma discrecional y con car\u00e1cter definitivo o temporal hasta el aseguramiento de la efectiva responsabilidad de los da\u00f1os que pudieran producirse. Asimismo, EL PROPIETARIO colaborar\u00e1 y notificar\u00e1 a la autoridad competente estas incidencias en el momento en que tenga conocimiento fehaciente de que los da\u00f1os ocasionados constituyan cualquier tipo de actividad il\u00edcita.<\/p>\n<p>QUINTA \u2013 DERECHOS DE AUTOR Y MARCA:<\/p>\n<p>El blog y la web de EL PROPIETARIO, los contenidos propios, la programaci\u00f3n y el dise\u00f1o del sitio web, se encuentran protegidos por los derechos de autor, quedando prohibida toda reproducci\u00f3n, comunicaci\u00f3n, distribuci\u00f3n y transformaci\u00f3n de los referidos elementos protegidos salvo consentimiento expreso de EL PROPIETARIO. Los materiales gr\u00e1ficos y escritos enviados por los usuarios a trav\u00e9s de los medios que se ponen a su disposici\u00f3n en el sitio web son propiedad del usuario que afirma al enviarlos su leg\u00edtima autor\u00eda y cede los derechos de reproducci\u00f3n y distribuci\u00f3n al PROPIETARIO.<\/p>\n<p>SEXTA \u2013 JURISDICCI\u00d3N Y LEY APLICABLE:<\/p>\n<p>Las presentes condiciones generales se rigen por la legislaci\u00f3n espa\u00f1ola. Son competentes para resolver toda controversia o conflicto que se derive de las presentes condiciones generales los Juzgados de Valencia Capital renunciando expresamente el USUARIO a cualquier otro fuero que pudiera corresponderle.<\/p>\n<p>S\u00c9PTIMA \u2013 En caso de que cualquier cl\u00e1usula del presente documento sea declarada nula, las dem\u00e1s cl\u00e1usulas seguir\u00e1n vigentes y se interpretar\u00e1n teniendo en cuenta la voluntad de las partes y la finalidad misma de las presentes condiciones. EL PROPIETARIO podr\u00e1 no ejercitar alguno de los derechos y facultades conferidos en este documento lo que no implicar\u00e1 en ning\u00fan caso la renuncia a los mismos salvo reconocimiento expreso por parte de EL PROPIETARIO.<\/p>\n<h3>Pol\u00edtica de Privacidad<\/h3>\n<p><strong>TRATAMIENTO DE DATOS DE POTENCIALES CLIENTES<\/strong><\/p>\n<p>Responsable: Identidad: Martino Buzzi \u2013 NIF: X3736024L Dir. postal: Calle Rev. Jos\u00e9 Mart\u00ed 20 46020 Valencia Espa\u00f1a Tel\u00e9fono: 963697475 Correo elect: info@fotografos-de-boda.net<br \/>\n\u201cEn nombre de la empresa tratamos la informaci\u00f3n que nos facilita con el fin de enviarle publicidad relacionada con nuestros productos y servicios por cualquier medio (postal, email o tel\u00e9fono) e invitarle a eventos organizados por la empresa. Los datos proporcionados se conservar\u00e1n mientras no solicite el cese de la actividad. Los datos no se ceder\u00e1n a terceros salvo en los casos en que exista una obligaci\u00f3n legal. Usted tiene derecho a obtener confirmaci\u00f3n sobre si en Fot\u00f3grafos de Boda | FdB estamos tratando sus datos personales por tanto tiene derecho a acceder a sus datos personales, rectificar los datos inexacto o solicitar su supresi\u00f3n cuando los datos ya no sean necesarios para los fines que fueron recogidos\u201d<\/p>\n<p><strong>TRATAMIENTO DE DATOS DE CLIENTES<\/strong><\/p>\n<p>Responsable: Identidad: Martino Buzzi \u2013 NIF: X3736024L Dir. postal: Calle Rev. Jos\u00e9 Mart\u00ed 20 46020 Valencia Espa\u00f1a Tel\u00e9fono: 963697475 Correo elect: info@fotografos-de-boda.net<br \/>\n\u201cEn nombre de la empresa tratamos la informaci\u00f3n que nos facilita con el fin de prestarles el servicio solicitado, realizar la facturaci\u00f3n del mismo. Los datos proporcionados se conservar\u00e1n mientras se mantenga la relaci\u00f3n comercial o durante los a\u00f1os necesarios para cumplir con las obligaciones legales. Los datos no se ceder\u00e1n a terceros salvo en los casos en que exista una obligaci\u00f3n legal. Usted tiene derecho a obtener confirmaci\u00f3n sobre si en Fot\u00f3grafos de Boda | FdB estamos tratando sus datos personales por tanto tiene derecho a acceder a sus datos personales, rectificar los datos inexactos o solicitar su supresi\u00f3n cuando los datos ya no sean necesarios.<br \/>\nAsimismo solicito su autorizaci\u00f3n para ofrecerle productos y servicios relacionados con los solicitados y fidelizarle como cliente.\u201d<\/p>\n<p><span title=\"Sharing your personal information \"><strong>Compartir su informaci\u00f3n personal<\/strong><\/span><\/p>\n<p><span title=\"We do not sell, trade, or rent Users personal identification information to others.\">No vendemos, intercambiamos o alquilamos informaci\u00f3n de identificaci\u00f3n personal a otros. <\/span><span title=\"We may share generic aggregated demographic information not linked to any personal identification information regarding visitors and users with our business partners, trusted affiliates and advertisers for the purposes outlined above. \">Podemos compartir informaci\u00f3n demogr\u00e1fica agregada gen\u00e9rica no vinculada a ninguna informaci\u00f3n de identificaci\u00f3n personal con respecto a los visitantes y usuarios con nuestros socios comerciales, afiliados de confianza y anunciantes para los fines descritos anteriormente.<\/span><\/p>\n","protected":false},"excerpt":{"rendered":"<p>CONDICIONES GENERALES DE USO DEL BLOG STUDIO BODA www.studioboda.com\/blog Martino Buzzi (EN ADELANTE EL PROPIETARIO) con domicilio a efectos de notificaciones en Calle Benimaclet 4, 46020 Valencia con NIF X3736024L pone a disposici\u00f3n en su blog\u00a0www.studioboda.com\/blog contenidos de car\u00e1cter informativo sobre sus actividades. Las presentes condiciones generales rigen \u00fanica y exclusivamente el uso del sitio [&hellip;]<\/p>\n","protected":false},"author":1,"featured_media":0,"parent":0,"menu_order":0,"comment_status":"open","ping_status":"open","template":"","meta":{"_acf_changed":false,"footnotes":""},"class_list":["post-2330","page","type-page","status-publish","hentry"],"acf":[],"_links":{"self":[{"href":"https:\/\/www.studioboda.com\/blog\/wp-json\/wp\/v2\/pages\/2330"}],"collection":[{"href":"https:\/\/www.studioboda.com\/blog\/wp-json\/wp\/v2\/pages"}],"about":[{"href":"https:\/\/www.studioboda.com\/blog\/wp-json\/wp\/v2\/types\/page"}],"author":[{"embeddable":true,"href":"https:\/\/www.studioboda.com\/blog\/wp-json\/wp\/v2\/users\/1"}],"replies":[{"embeddable":true,"href":"https:\/\/www.studioboda.com\/blog\/wp-json\/wp\/v2\/comments?post=2330"}],"version-history":[{"count":6,"href":"https:\/\/www.studioboda.com\/blog\/wp-json\/wp\/v2\/pages\/2330\/revisions"}],"predecessor-version":[{"id":15653,"href":"https:\/\/www.studioboda.com\/blog\/wp-json\/wp\/v2\/pages\/2330\/revisions\/15653"}],"wp:attachment":[{"href":"https:\/\/www.studioboda.com\/blog\/wp-json\/wp\/v2\/media?parent=2330"}],"curies":[{"name":"wp","href":"https:\/\/api.w.org\/{rel}","templated":true}]}}