{"id":17373,"date":"2022-04-12T20:04:51","date_gmt":"2022-04-12T18:04:51","guid":{"rendered":"https:\/\/www.studioboda.com\/blog\/?page_id=17373"},"modified":"2022-04-20T23:44:35","modified_gmt":"2022-04-20T21:44:35","slug":"bodas-sostenibles","status":"publish","type":"page","link":"https:\/\/www.studioboda.com\/blog\/bodas-sostenibles\/","title":{"rendered":"Reportajes Sostenibles"},"content":{"rendered":"\n<p>Para novios llenos de energ\u00eda y enamorados de la vida. Fotograf\u00edas elegantes, frescas y naturales que te har\u00e1n revivir las emociones de tu boda para siempre. Cuenta con la experiencia de un fot\u00f3grafo italiano y un equipo con m\u00e1s de diez a\u00f1os de trayectoria en el campo de los reportajes de boda.<\/p>\n\n\n\n<div class=\"wp-block-image\"><figure class=\"aligncenter size-full\"><img fetchpriority=\"high\" decoding=\"async\" width=\"1800\" height=\"1202\" src=\"https:\/\/www.studioboda.com\/blog\/wp-content\/uploads\/2022\/02\/29-17210-pp_gallery\/fotografo-bodas-valencia-2022.jpg\" alt=\"fotografo bodas valencia\" class=\"wp-image-17268\" srcset=\"https:\/\/www.studioboda.com\/blog\/wp-content\/uploads\/2022\/02\/29-17210-pp_gallery\/fotografo-bodas-valencia-2022.jpg 1800w, https:\/\/www.studioboda.com\/blog\/wp-content\/uploads\/2022\/02\/29-17210-pp_gallery\/fotografo-bodas-valencia-2022-300x200.jpg 300w, https:\/\/www.studioboda.com\/blog\/wp-content\/uploads\/2022\/02\/29-17210-pp_gallery\/fotografo-bodas-valencia-2022-1024x684.jpg 1024w, https:\/\/www.studioboda.com\/blog\/wp-content\/uploads\/2022\/02\/29-17210-pp_gallery\/fotografo-bodas-valencia-2022-768x513.jpg 768w, https:\/\/www.studioboda.com\/blog\/wp-content\/uploads\/2022\/02\/29-17210-pp_gallery\/fotografo-bodas-valencia-2022-1536x1026.jpg 1536w\" sizes=\"(max-width: 1800px) 100vw, 1800px\" \/><\/figure><\/div>\n\n\n\n<div class=\"wp-block-columns is-layout-flex wp-container-core-columns-is-layout-1 wp-block-columns-is-layout-flex\">\n<div class=\"wp-block-column is-layout-flow wp-block-column-is-layout-flow\" style=\"flex-basis:66.66%\">\n<h2 class=\"wp-block-heading\">Hola, soy Martino Buzzi. <\/h2>\n\n\n\n<div style=\"height:100px\" aria-hidden=\"true\" class=\"wp-block-spacer\"><\/div>\n\n\n\n<p class=\"has-drop-cap\">Italiano, observador y optimista. Me gusta cocinar la Pizza, escuchar m\u00fasica dub y cuidar de las plantas. Me molestan los mosquitos en las noches de verano, los ruidos fuertes y las ocasiones perdidas. <strong>Si tu quieres puedo ser tu fotografo<\/strong>.<\/p>\n\n\n\n<p>Todos mis reportajes son 100% personalizados. Cada pareja es \u00fanica y diferente. En mi forma de trabajar especial atenci\u00f3n a los aspectos que hacen cada uno de nosotros especial. Un gesto, una mirada, una forma de sentarse\u2026 Las mejores fotos son aquellas que te retratan tal y como eres. La realidad es la mejor fuente de inspiraci\u00f3n.<\/p>\n\n\n\n<p>Las fotos de tu boda ser\u00e1n el recuerdo de un d\u00eda extraordinario y quiero que puedas volver a vivirlo cada vez que quieras. Por esto me tomo esta responsabilidad muy en serio. Aqu\u00ed puedes ver algunos ejemplos de mi trabajo. Me dedico a la fotograf\u00eda de boda desde 2008 y en cada nuevo trabajo intento dar un paso m\u00e1s, para conseguir un resultado siempre diferente y nuevo.<\/p>\n<\/div>\n\n\n\n<div class=\"wp-block-column is-layout-flow wp-block-column-is-layout-flow\" style=\"flex-basis:33.33%\">\n<figure class=\"wp-block-image size-full\"><img decoding=\"async\" width=\"600\" height=\"900\" src=\"https:\/\/www.studioboda.com\/blog\/wp-content\/uploads\/2022\/02\/martino-buzzi-mira-la-luz-100.jpg\" alt=\"Martino Buzzi\" class=\"wp-image-17191\" srcset=\"https:\/\/www.studioboda.com\/blog\/wp-content\/uploads\/2022\/02\/martino-buzzi-mira-la-luz-100.jpg 600w, https:\/\/www.studioboda.com\/blog\/wp-content\/uploads\/2022\/02\/martino-buzzi-mira-la-luz-100-200x300.jpg 200w\" sizes=\"(max-width: 600px) 100vw, 600px\" \/><\/figure>\n<\/div>\n<\/div>\n\n\n\n<figure class=\"wp-block-image size-full\"><img decoding=\"async\" width=\"1800\" height=\"1200\" src=\"https:\/\/www.studioboda.com\/blog\/wp-content\/uploads\/2022\/02\/29-17210-pp_gallery\/para-novios-enamorados.jpg\" alt=\"novios enamorados\" class=\"wp-image-17272\" srcset=\"https:\/\/www.studioboda.com\/blog\/wp-content\/uploads\/2022\/02\/29-17210-pp_gallery\/para-novios-enamorados.jpg 1800w, https:\/\/www.studioboda.com\/blog\/wp-content\/uploads\/2022\/02\/29-17210-pp_gallery\/para-novios-enamorados-300x200.jpg 300w, https:\/\/www.studioboda.com\/blog\/wp-content\/uploads\/2022\/02\/29-17210-pp_gallery\/para-novios-enamorados-1024x683.jpg 1024w, https:\/\/www.studioboda.com\/blog\/wp-content\/uploads\/2022\/02\/29-17210-pp_gallery\/para-novios-enamorados-768x512.jpg 768w, https:\/\/www.studioboda.com\/blog\/wp-content\/uploads\/2022\/02\/29-17210-pp_gallery\/para-novios-enamorados-1536x1024.jpg 1536w\" sizes=\"(max-width: 1800px) 100vw, 1800px\" \/><\/figure>\n\n\n\n<h2 class=\"wp-block-heading\">Energ\u00eda Verde<\/h2>\n\n\n\n<p>Desde a\u00f1os en nuestro estudio utilizamos solo energ\u00eda verde. Intentamos reciclar todo lo posible y evitar cualquier desperdicio innecesario. Apoyamos Greenpeace y en la familia nos dedicamos a cultivar un peque\u00f1o huerto que nos proporciona comida saludable a Km0. Tratamos de evitar los viajes no necesarios en avi\u00f3n y de cuidar de nuestra huella de carbono. Debemos cuidar del medio ambiente. Para nosotros y para el futuro de las generaciones que vendr\u00e1n. <\/p>\n\n\n\n<div class=\"wp-block-image\"><figure class=\"aligncenter size-full\"><img loading=\"lazy\" decoding=\"async\" width=\"1800\" height=\"1201\" src=\"https:\/\/www.studioboda.com\/blog\/wp-content\/uploads\/2022\/02\/29-17210-pp_gallery\/studioboda-reportajes-diferentes.jpg\" alt=\"reportajes de boda diferentes\" class=\"wp-image-17280\" srcset=\"https:\/\/www.studioboda.com\/blog\/wp-content\/uploads\/2022\/02\/29-17210-pp_gallery\/studioboda-reportajes-diferentes.jpg 1800w, https:\/\/www.studioboda.com\/blog\/wp-content\/uploads\/2022\/02\/29-17210-pp_gallery\/studioboda-reportajes-diferentes-300x200.jpg 300w, https:\/\/www.studioboda.com\/blog\/wp-content\/uploads\/2022\/02\/29-17210-pp_gallery\/studioboda-reportajes-diferentes-1024x683.jpg 1024w, https:\/\/www.studioboda.com\/blog\/wp-content\/uploads\/2022\/02\/29-17210-pp_gallery\/studioboda-reportajes-diferentes-768x512.jpg 768w, https:\/\/www.studioboda.com\/blog\/wp-content\/uploads\/2022\/02\/29-17210-pp_gallery\/studioboda-reportajes-diferentes-1536x1025.jpg 1536w\" sizes=\"(max-width: 1800px) 100vw, 1800px\" \/><\/figure><\/div>\n\n\n\n<h2 class=\"wp-block-heading\">Fotograf\u00edas Naturales<\/h2>\n\n\n\n<p>Me gusta hacer fotograf\u00edas naturales, espont\u00e1neas, como las que puedes ver en esta p\u00e1gina web. Hay reportajes muy diferentes, realizados en m\u00e1s de diez a\u00f1os de carrera, con maravillosas parejas de diversas partes del mundo. <strong>Quiero que tus fotos sean \u00fanicas. Que no sean las t\u00edpicas fotos de boda.<\/strong><\/p>\n\n\n\n<figure class=\"wp-block-gallery has-nested-images columns-default is-cropped wp-block-gallery-1 is-layout-flex wp-block-gallery-is-layout-flex\">\n<figure class=\"wp-block-image size-large\"><a href=\"https:\/\/www.studioboda.com\/blog\/wp-content\/uploads\/2017\/05\/03-14454-post\/post-boda-11-1143.jpg\"><img loading=\"lazy\" decoding=\"async\" width=\"1800\" height=\"1202\" data-id=\"14466\" src=\"https:\/\/www.studioboda.com\/blog\/wp-content\/uploads\/2017\/05\/03-14454-post\/post-boda-11-1143.jpg\" alt=\"reportaje boda natural\" class=\"wp-image-14466\" srcset=\"https:\/\/www.studioboda.com\/blog\/wp-content\/uploads\/2017\/05\/03-14454-post\/post-boda-11-1143.jpg 1800w, https:\/\/www.studioboda.com\/blog\/wp-content\/uploads\/2017\/05\/03-14454-post\/post-boda-11-1143-300x200.jpg 300w, https:\/\/www.studioboda.com\/blog\/wp-content\/uploads\/2017\/05\/03-14454-post\/post-boda-11-1143-1024x684.jpg 1024w, https:\/\/www.studioboda.com\/blog\/wp-content\/uploads\/2017\/05\/03-14454-post\/post-boda-11-1143-768x513.jpg 768w, https:\/\/www.studioboda.com\/blog\/wp-content\/uploads\/2017\/05\/03-14454-post\/post-boda-11-1143-1536x1026.jpg 1536w\" sizes=\"(max-width: 1800px) 100vw, 1800px\" \/><\/a><\/figure>\n\n\n\n<figure class=\"wp-block-image size-large\"><a href=\"https:\/\/www.studioboda.com\/blog\/wp-content\/uploads\/2013\/02\/foto-boda-natural05DSC_7376-Version-2.jpg\"><img loading=\"lazy\" decoding=\"async\" width=\"900\" height=\"598\" data-id=\"4623\" src=\"https:\/\/www.studioboda.com\/blog\/wp-content\/uploads\/2013\/02\/foto-boda-natural05DSC_7376-Version-2.jpg\" alt=\"reportaje boda naturaleza\" class=\"wp-image-4623\" srcset=\"https:\/\/www.studioboda.com\/blog\/wp-content\/uploads\/2013\/02\/foto-boda-natural05DSC_7376-Version-2.jpg 900w, https:\/\/www.studioboda.com\/blog\/wp-content\/uploads\/2013\/02\/foto-boda-natural05DSC_7376-Version-2-300x199.jpg 300w, https:\/\/www.studioboda.com\/blog\/wp-content\/uploads\/2013\/02\/foto-boda-natural05DSC_7376-Version-2-768x510.jpg 768w\" sizes=\"(max-width: 900px) 100vw, 900px\" \/><\/a><\/figure>\n\n\n\n<figure class=\"wp-block-image size-large\"><a href=\"https:\/\/www.studioboda.com\/blog\/wp-content\/uploads\/2013\/02\/foto-boda-natural04_BZM2207-Version-2.jpg\"><img loading=\"lazy\" decoding=\"async\" width=\"900\" height=\"599\" data-id=\"4622\" src=\"https:\/\/www.studioboda.com\/blog\/wp-content\/uploads\/2013\/02\/foto-boda-natural04_BZM2207-Version-2.jpg\" alt=\"\" class=\"wp-image-4622\" srcset=\"https:\/\/www.studioboda.com\/blog\/wp-content\/uploads\/2013\/02\/foto-boda-natural04_BZM2207-Version-2.jpg 900w, https:\/\/www.studioboda.com\/blog\/wp-content\/uploads\/2013\/02\/foto-boda-natural04_BZM2207-Version-2-300x200.jpg 300w, https:\/\/www.studioboda.com\/blog\/wp-content\/uploads\/2013\/02\/foto-boda-natural04_BZM2207-Version-2-768x511.jpg 768w\" sizes=\"(max-width: 900px) 100vw, 900px\" \/><\/a><\/figure>\n\n\n\n<figure class=\"wp-block-image size-large\"><a href=\"https:\/\/www.studioboda.com\/blog\/wp-content\/uploads\/2013\/02\/foto-boda-natural02_BZM2213-Version-2.jpg\"><img loading=\"lazy\" decoding=\"async\" width=\"900\" height=\"600\" data-id=\"4620\" src=\"https:\/\/www.studioboda.com\/blog\/wp-content\/uploads\/2013\/02\/foto-boda-natural02_BZM2213-Version-2.jpg\" alt=\"\" class=\"wp-image-4620\" srcset=\"https:\/\/www.studioboda.com\/blog\/wp-content\/uploads\/2013\/02\/foto-boda-natural02_BZM2213-Version-2.jpg 900w, https:\/\/www.studioboda.com\/blog\/wp-content\/uploads\/2013\/02\/foto-boda-natural02_BZM2213-Version-2-300x200.jpg 300w, https:\/\/www.studioboda.com\/blog\/wp-content\/uploads\/2013\/02\/foto-boda-natural02_BZM2213-Version-2-768x512.jpg 768w\" sizes=\"(max-width: 900px) 100vw, 900px\" \/><\/a><\/figure>\n\n\n\n<figure class=\"wp-block-image size-large\"><a href=\"https:\/\/www.studioboda.com\/blog\/wp-content\/uploads\/2014\/02\/reportaje-boda-original-08.jpg\"><img loading=\"lazy\" decoding=\"async\" width=\"1800\" height=\"1200\" data-id=\"6766\" src=\"https:\/\/www.studioboda.com\/blog\/wp-content\/uploads\/2014\/02\/reportaje-boda-original-08.jpg\" alt=\"\" class=\"wp-image-6766\" srcset=\"https:\/\/www.studioboda.com\/blog\/wp-content\/uploads\/2014\/02\/reportaje-boda-original-08.jpg 1800w, https:\/\/www.studioboda.com\/blog\/wp-content\/uploads\/2014\/02\/reportaje-boda-original-08-300x200.jpg 300w, https:\/\/www.studioboda.com\/blog\/wp-content\/uploads\/2014\/02\/reportaje-boda-original-08-1024x683.jpg 1024w, https:\/\/www.studioboda.com\/blog\/wp-content\/uploads\/2014\/02\/reportaje-boda-original-08-768x512.jpg 768w, https:\/\/www.studioboda.com\/blog\/wp-content\/uploads\/2014\/02\/reportaje-boda-original-08-1536x1024.jpg 1536w\" sizes=\"(max-width: 1800px) 100vw, 1800px\" \/><\/a><\/figure>\n\n\n\n<figure class=\"wp-block-image size-large\"><a href=\"https:\/\/www.studioboda.com\/blog\/wp-content\/uploads\/2012\/10\/reportaje-boda-original-trash-the-dress-saler_BZM1418.jpg\"><img loading=\"lazy\" decoding=\"async\" width=\"800\" height=\"532\" data-id=\"3814\" src=\"https:\/\/www.studioboda.com\/blog\/wp-content\/uploads\/2012\/10\/reportaje-boda-original-trash-the-dress-saler_BZM1418.jpg\" alt=\"\" class=\"wp-image-3814\" srcset=\"https:\/\/www.studioboda.com\/blog\/wp-content\/uploads\/2012\/10\/reportaje-boda-original-trash-the-dress-saler_BZM1418.jpg 800w, https:\/\/www.studioboda.com\/blog\/wp-content\/uploads\/2012\/10\/reportaje-boda-original-trash-the-dress-saler_BZM1418-300x200.jpg 300w, https:\/\/www.studioboda.com\/blog\/wp-content\/uploads\/2012\/10\/reportaje-boda-original-trash-the-dress-saler_BZM1418-768x511.jpg 768w\" sizes=\"(max-width: 800px) 100vw, 800px\" \/><\/a><\/figure>\n\n\n\n<figure class=\"wp-block-image size-large\"><a href=\"https:\/\/www.studioboda.com\/blog\/wp-content\/uploads\/2014\/02\/reportaje-boda-original-07.jpg\"><img loading=\"lazy\" decoding=\"async\" width=\"1800\" height=\"1195\" data-id=\"6765\" src=\"https:\/\/www.studioboda.com\/blog\/wp-content\/uploads\/2014\/02\/reportaje-boda-original-07.jpg\" alt=\"\" class=\"wp-image-6765\" srcset=\"https:\/\/www.studioboda.com\/blog\/wp-content\/uploads\/2014\/02\/reportaje-boda-original-07.jpg 1800w, https:\/\/www.studioboda.com\/blog\/wp-content\/uploads\/2014\/02\/reportaje-boda-original-07-300x199.jpg 300w, https:\/\/www.studioboda.com\/blog\/wp-content\/uploads\/2014\/02\/reportaje-boda-original-07-1024x680.jpg 1024w, https:\/\/www.studioboda.com\/blog\/wp-content\/uploads\/2014\/02\/reportaje-boda-original-07-768x510.jpg 768w, https:\/\/www.studioboda.com\/blog\/wp-content\/uploads\/2014\/02\/reportaje-boda-original-07-1536x1020.jpg 1536w\" sizes=\"(max-width: 1800px) 100vw, 1800px\" \/><\/a><\/figure>\n\n\n\n<figure class=\"wp-block-image size-large\"><a href=\"https:\/\/www.studioboda.com\/blog\/wp-content\/uploads\/2018\/11\/27-16002-post\/fotografo-bodas-originales-2.jpg\"><img loading=\"lazy\" decoding=\"async\" width=\"1200\" height=\"801\" data-id=\"16069\" src=\"https:\/\/www.studioboda.com\/blog\/wp-content\/uploads\/2018\/11\/27-16002-post\/fotografo-bodas-originales-2.jpg\" alt=\"Zapatos para boda\" class=\"wp-image-16069\" srcset=\"https:\/\/www.studioboda.com\/blog\/wp-content\/uploads\/2018\/11\/27-16002-post\/fotografo-bodas-originales-2.jpg 1200w, https:\/\/www.studioboda.com\/blog\/wp-content\/uploads\/2018\/11\/27-16002-post\/fotografo-bodas-originales-2-300x200.jpg 300w, https:\/\/www.studioboda.com\/blog\/wp-content\/uploads\/2018\/11\/27-16002-post\/fotografo-bodas-originales-2-768x513.jpg 768w, https:\/\/www.studioboda.com\/blog\/wp-content\/uploads\/2018\/11\/27-16002-post\/fotografo-bodas-originales-2-1024x684.jpg 1024w, https:\/\/www.studioboda.com\/blog\/wp-content\/uploads\/2018\/11\/27-16002-post\/fotografo-bodas-originales-2-50x33.jpg 50w\" sizes=\"(max-width: 1200px) 100vw, 1200px\" \/><\/a><\/figure>\n\n\n\n<figure class=\"wp-block-image size-large\"><a href=\"https:\/\/www.studioboda.com\/blog\/wp-content\/uploads\/2017\/04\/17-14252-pp_gallery\/fotografo-boda-original4.jpg\"><img loading=\"lazy\" decoding=\"async\" width=\"1800\" height=\"1198\" data-id=\"14263\" src=\"https:\/\/www.studioboda.com\/blog\/wp-content\/uploads\/2017\/04\/17-14252-pp_gallery\/fotografo-boda-original4.jpg\" alt=\"foto boda original\" class=\"wp-image-14263\" srcset=\"https:\/\/www.studioboda.com\/blog\/wp-content\/uploads\/2017\/04\/17-14252-pp_gallery\/fotografo-boda-original4.jpg 1800w, https:\/\/www.studioboda.com\/blog\/wp-content\/uploads\/2017\/04\/17-14252-pp_gallery\/fotografo-boda-original4-300x200.jpg 300w, https:\/\/www.studioboda.com\/blog\/wp-content\/uploads\/2017\/04\/17-14252-pp_gallery\/fotografo-boda-original4-1024x682.jpg 1024w, https:\/\/www.studioboda.com\/blog\/wp-content\/uploads\/2017\/04\/17-14252-pp_gallery\/fotografo-boda-original4-768x511.jpg 768w, https:\/\/www.studioboda.com\/blog\/wp-content\/uploads\/2017\/04\/17-14252-pp_gallery\/fotografo-boda-original4-1536x1022.jpg 1536w\" sizes=\"(max-width: 1800px) 100vw, 1800px\" \/><\/a><\/figure>\n<\/figure>\n\n\n\n<h2 class=\"wp-block-heading\">\u00bfTe gustan los coches el\u00e9ctricos?<\/h2>\n\n\n\n<p>Tenemos a disposici\u00f3n un flamante coche de la marca <strong>Tesla Model S<\/strong> P85 para que te acompa\u00f1e en el d\u00eda de tu boda. Es un veh\u00edculo con una est\u00e9tica maravillosa con el que tu y tu pareja vais a disfrutar de una experiencia incre\u00edble&#8230;<\/p>\n\n\n\n<p>Reserva tu reportaje este mes y de regalo te ofrecemos el alquiler del coche durante el d\u00eda de tu boda. Podr\u00e1s hacer todos los desplazamientos sin consumir ni un gramo de CO2. Con una potencia de m\u00e1s de 400 caballos y las comodidades de un coche de alta gama.<\/p>\n","protected":false},"excerpt":{"rendered":"<p>Para novios llenos de energ\u00eda y enamorados de la vida. Fotograf\u00edas elegantes, frescas y naturales que te har\u00e1n revivir las emociones de tu boda para siempre. Cuenta con la experiencia de un fot\u00f3grafo italiano y un equipo con m\u00e1s de diez a\u00f1os de trayectoria en el campo de los reportajes de boda. Hola, soy Martino [&hellip;]<\/p>\n","protected":false},"author":7,"featured_media":0,"parent":0,"menu_order":0,"comment_status":"closed","ping_status":"closed","template":"","meta":{"_acf_changed":false,"footnotes":""},"class_list":["post-17373","page","type-page","status-publish","hentry"],"acf":[],"_links":{"self":[{"href":"https:\/\/www.studioboda.com\/blog\/wp-json\/wp\/v2\/pages\/17373"}],"collection":[{"href":"https:\/\/www.studioboda.com\/blog\/wp-json\/wp\/v2\/pages"}],"about":[{"href":"https:\/\/www.studioboda.com\/blog\/wp-json\/wp\/v2\/types\/page"}],"author":[{"embeddable":true,"href":"https:\/\/www.studioboda.com\/blog\/wp-json\/wp\/v2\/users\/7"}],"replies":[{"embeddable":true,"href":"https:\/\/www.studioboda.com\/blog\/wp-json\/wp\/v2\/comments?post=17373"}],"version-history":[{"count":14,"href":"https:\/\/www.studioboda.com\/blog\/wp-json\/wp\/v2\/pages\/17373\/revisions"}],"predecessor-version":[{"id":20173,"href":"https:\/\/www.studioboda.com\/blog\/wp-json\/wp\/v2\/pages\/17373\/revisions\/20173"}],"wp:attachment":[{"href":"https:\/\/www.studioboda.com\/blog\/wp-json\/wp\/v2\/media?parent=17373"}],"curies":[{"name":"wp","href":"https:\/\/api.w.org\/{rel}","templated":true}]}}