{"id":13810,"date":"2017-02-02T14:22:20","date_gmt":"2017-02-02T13:22:20","guid":{"rendered":"http:\/\/www.studioboda.com\/blog\/?page_id=13810"},"modified":"2017-08-30T02:18:38","modified_gmt":"2017-08-30T00:18:38","slug":"una-sesion-pareja-antes-la-boda","status":"publish","type":"page","link":"https:\/\/www.studioboda.com\/blog\/una-sesion-pareja-antes-la-boda\/","title":{"rendered":"Fotos de pareja antes de la boda"},"content":{"rendered":"<p style=\"text-align: left;\">La sesi\u00f3n preboda viene incluida gratuitamente en todos los reportajes, con ella rompemos el hielo y nos aseguramos que el d\u00eda de la boda todo ir\u00e1 sobre ruedas.<\/p>\n<h2 style=\"text-align: center;\">Un Poco de Locura en el Amor<\/h2>\n<p>El Amor no conoce fronteras, ni reglas fijas, el amor no sigue un recorrido lineal. Olv\u00eddate de las fotos posadas que se hac\u00edan en el pasado, olv\u00eddate de im\u00e1genes iguales unas a otras y d\u00e9jate seducir por <strong>un reportaje que habla de ti, tus gustos y aficiones.\u00a0<\/strong><\/p>\n<h2 style=\"text-align: center;\">Fotos informales que cuentan\u00a0tus pasiones<\/h2>\n<p>Si amas el mar, la ciudad o la monta\u00f1a all\u00ed vamos a realizar tu reportaje pre boda. El mejor escenario ser\u00e1 donde te sientas como pez en el agua. Si\u00a0practicas un deporte, tienes mascotas o un hobby particular deber\u00edas pensar en incluirlo en tu reportaje. Solo\u00a0necesitamos de una tarde, uno o dos meses antes de la boda.<\/p>\n<p>&nbsp;<\/p>\n<h2 style=\"text-align: center;\"><img decoding=\"async\" id=\"pp-slideshow-1486062012\" class=\"pp-slideshow-placeholder pp-gallery-placeholder slideshow-1486062012 mceItem\" style=\"display: none;\" src=\"http:\/\/www.studioboda.com\/blog\/wp-content\/uploads\/pp\/placeholders\/slideshow-placeholder-1486062012.jpg\" \/><\/h2>\n<p>&nbsp;<\/p>\n<h3 style=\"text-align: center;\">Reportaje Pre Boda, garant\u00eda de fotos especiales<\/h3>\n<p>Me gustan las <strong>im\u00e1genes espont\u00e1neas que transmiten sinceridad<\/strong>. No basta con decir \u201csonr\u00ede\u201d, tu sonrisa real, la aut\u00e9ntica vale mil veces m\u00e1s. <strong>La confianza y la complicidad<\/strong> son los ingredientes principales que permiten captar la naturalidad de un gesto, una mirada.<\/p>\n<h3 style=\"text-align: center;\">Algunos ejemplos de sesiones preboda:<\/h3>\n<p style=\"text-align: center;\"><img decoding=\"async\" id=\"pp-grid-article_1486040810\" class=\"pp-grid-placeholder pp-grid-type-category_recent_posts\" style=\"display: none;\" src=\"https:\/\/prophoto.s3.amazonaws.com\/img\/pp-grid-placeholder-category_recent_posts.jpg\" \/><\/p>\n<p>&nbsp;<\/p>\n","protected":false},"excerpt":{"rendered":"<p>La sesi\u00f3n preboda viene incluida gratuitamente en todos los reportajes, con ella rompemos el hielo y nos aseguramos que el d\u00eda de la boda todo ir\u00e1 sobre ruedas. Un Poco de Locura en el Amor El Amor no conoce fronteras, ni reglas fijas, el amor no sigue un recorrido lineal. Olv\u00eddate de las fotos posadas [&hellip;]<\/p>\n","protected":false},"author":7,"featured_media":14406,"parent":0,"menu_order":0,"comment_status":"closed","ping_status":"closed","template":"","meta":{"_acf_changed":false,"footnotes":""},"class_list":["post-13810","page","type-page","status-publish","has-post-thumbnail","hentry"],"acf":[],"_links":{"self":[{"href":"https:\/\/www.studioboda.com\/blog\/wp-json\/wp\/v2\/pages\/13810"}],"collection":[{"href":"https:\/\/www.studioboda.com\/blog\/wp-json\/wp\/v2\/pages"}],"about":[{"href":"https:\/\/www.studioboda.com\/blog\/wp-json\/wp\/v2\/types\/page"}],"author":[{"embeddable":true,"href":"https:\/\/www.studioboda.com\/blog\/wp-json\/wp\/v2\/users\/7"}],"replies":[{"embeddable":true,"href":"https:\/\/www.studioboda.com\/blog\/wp-json\/wp\/v2\/comments?post=13810"}],"version-history":[{"count":15,"href":"https:\/\/www.studioboda.com\/blog\/wp-json\/wp\/v2\/pages\/13810\/revisions"}],"predecessor-version":[{"id":14832,"href":"https:\/\/www.studioboda.com\/blog\/wp-json\/wp\/v2\/pages\/13810\/revisions\/14832"}],"wp:featuredmedia":[{"embeddable":true,"href":"https:\/\/www.studioboda.com\/blog\/wp-json\/wp\/v2\/media\/14406"}],"wp:attachment":[{"href":"https:\/\/www.studioboda.com\/blog\/wp-json\/wp\/v2\/media?parent=13810"}],"curies":[{"name":"wp","href":"https:\/\/api.w.org\/{rel}","templated":true}]}}